{"id":772,"date":"2023-06-02T08:29:04","date_gmt":"2023-06-02T14:29:04","guid":{"rendered":"https:\/\/redveganasantiespecistas.com\/?page_id=772"},"modified":"2026-02-22T10:46:18","modified_gmt":"2026-02-22T16:46:18","slug":"mapa-vegan","status":"publish","type":"page","link":"https:\/\/redveganasantiespecistas.com\/index.php\/mapa-vegan\/","title":{"rendered":"Mapa Vegan"},"content":{"rendered":"<p>[et_pb_section fb_built=\u00bb1&#8243; admin_label=\u00bbcabecera\u00bb _builder_version=\u00bb4.27.5&#8243; background_color=\u00bb#000000&#8243; custom_padding=\u00bb8px|0px|8px|0px|true|false\u00bb locked=\u00bboff\u00bb global_colors_info=\u00bb{}\u00bb][et_pb_row _builder_version=\u00bb4.16&#8243; custom_padding=\u00bb||13px|||\u00bb global_colors_info=\u00bb{}\u00bb][et_pb_column type=\u00bb4_4&#8243; _builder_version=\u00bb4.16&#8243; custom_padding=\u00bb|||\u00bb global_colors_info=\u00bb{}\u00bb custom_padding__hover=\u00bb|||\u00bb][et_pb_text _builder_version=\u00bb4.27.5&#8243; text_font=\u00bb||||||||\u00bb header_font=\u00bb||||||||\u00bb header_2_font=\u00bbLora|700|||||||\u00bb header_2_font_size=\u00bb50px\u00bb header_2_line_height=\u00bb1.5em\u00bb header_5_font=\u00bbOswald|||on|||||\u00bb header_5_text_color=\u00bbrgba(255,255,255,0.4)\u00bb header_5_font_size=\u00bb20px\u00bb header_5_letter_spacing=\u00bb3px\u00bb header_5_line_height=\u00bb1.7em\u00bb text_orientation=\u00bbcenter\u00bb background_layout=\u00bbdark\u00bb max_width=\u00bb600px\u00bb module_alignment=\u00bbcenter\u00bb text_line_height_last_edited=\u00bboff|desktop\u00bb header_2_font_size_tablet=\u00bb\u00bb header_2_font_size_phone=\u00bb36px\u00bb header_2_font_size_last_edited=\u00bbon|desktop\u00bb global_colors_info=\u00bb{}\u00bb]<\/p>\n<h5><\/h5>\n<h2>Mapa Vegan<\/h2>\n<p>[\/et_pb_text][\/et_pb_column][\/et_pb_row][\/et_pb_section][et_pb_section fb_built=\u00bb1&#8243; admin_label=\u00bbsection\u00bb _builder_version=\u00bb4.27.5&#8243; background_color=\u00bb#f1f5f9&#8243; custom_padding=\u00bb34px|||||\u00bb global_colors_info=\u00bb{}\u00bb][et_pb_row _builder_version=\u00bb4.27.5&#8243; _module_preset=\u00bbdefault\u00bb width=\u00bb90%\u00bb custom_padding=\u00bb0px||0px||false|false\u00bb global_colors_info=\u00bb{}\u00bb][et_pb_column type=\u00bb4_4&#8243; _builder_version=\u00bb4.27.5&#8243; _module_preset=\u00bbdefault\u00bb global_colors_info=\u00bb{}\u00bb][et_pb_code admin_label=\u00bbBuscador y filtros\u00bb _builder_version=\u00bb4.27.5&#8243; _module_preset=\u00bbdefault\u00bb global_colors_info=\u00bb{}\u00bb]\n<div class=\"ovsl-search-module\">\n    <div class=\"ovsl-search-container\">\n        <div class=\"ovsl-search-box\">\n            <input type=\"text\" \n                   class=\"ovsl-search-input\" \n                   placeholder=\"Buscar por ciudad, c\u00f3digo postal, direcci\u00f3n o tel\u00e9fono...\" \n                   id=\"ovslSearchInput\">\n            <button class=\"ovsl-search-btn\" id=\"ovslSearchBtn\">\n                <i class=\"fas fa-search\"><\/i>\n            <\/button>\n        <\/div>\n        <button class=\"ovsl-location-btn\" id=\"ovslLocationBtn\">\n            <i class=\"fas fa-crosshairs\"><\/i>\n            Mi ubicaci\u00f3n        <\/button>\n    <\/div>\n    \n    <div class=\"ovsl-filter-container\" id=\"ovslCategoryFilters\">\n        <!-- Los filtros se generan din\u00e1micamente por JavaScript -->\n    <\/div>\n    \n    <div id=\"ovslErrorContainer\"><\/div>\n<\/div>[\/et_pb_code][\/et_pb_column][\/et_pb_row][et_pb_row column_structure=\u00bb3_5,2_5&#8243; use_custom_gutter=\u00bbon\u00bb gutter_width=\u00bb2&#8243; _builder_version=\u00bb4.27.5&#8243; _module_preset=\u00bbdefault\u00bb width=\u00bb90%\u00bb custom_padding=\u00bb0px||0px||false|false\u00bb global_colors_info=\u00bb{}\u00bb][et_pb_column type=\u00bb3_5&#8243; _builder_version=\u00bb4.27.5&#8243; _module_preset=\u00bbdefault\u00bb global_colors_info=\u00bb{}\u00bb][et_pb_code admin_label=\u00bbMapa\u00bb _builder_version=\u00bb4.27.5&#8243; _module_preset=\u00bbdefault\u00bb hover_enabled=\u00bb0&#8243; global_colors_info=\u00bb{}\u00bb sticky_enabled=\u00bb0&#8243;]\n<div class=\"ovsl-map-module\" style=\"height: 675px;\">\n    <div id=\"ovslMap\" class=\"ovsl-map\"><\/div>\n<\/div>[\/et_pb_code][\/et_pb_column][et_pb_column type=\u00bb2_5&#8243; _builder_version=\u00bb4.27.5&#8243; _module_preset=\u00bbdefault\u00bb global_colors_info=\u00bb{}\u00bb][et_pb_code admin_label=\u00bblista\u00bb _builder_version=\u00bb4.27.5&#8243; _module_preset=\u00bbdefault\u00bb global_colors_info=\u00bb{}\u00bb]\n<div class=\"ovsl-stores-list-module ovsl-layout-modern\">\n    <div class=\"ovsl-stores-header\">\n        <h3>\n            <i class=\"fas fa-store\"><\/i> \n            Locales \n            (<span id=\"ovslResultsCount\">0<\/span>)\n        <\/h3>\n    <\/div>\n    \n    <div id=\"ovslStoreList\" class=\"ovsl-stores-container\">\n        <div class=\"ovsl-loading\">\n            <i class=\"fas fa-spinner fa-spin\"><\/i><br>\n            Cargando locales...        <\/div>\n    <\/div>\n<\/div>[\/et_pb_code][\/et_pb_column][\/et_pb_row][\/et_pb_section]<\/p>\n","protected":false},"excerpt":{"rendered":"<p>Mapa Vegan\n<div class=\"ovsl-search-module\">\n    <div class=\"ovsl-search-container\">\n        <div class=\"ovsl-search-box\">\n            <input type=\"text\" \n                   class=\"ovsl-search-input\" \n                   placeholder=\"Buscar por ciudad, c\u00f3digo postal, direcci\u00f3n o tel\u00e9fono...\" \n                   id=\"ovslSearchInput\">\n            <button class=\"ovsl-search-btn\" id=\"ovslSearchBtn\">\n                <i class=\"fas fa-search\"><\/i>\n            <\/button>\n        <\/div>\n        <button class=\"ovsl-location-btn\" id=\"ovslLocationBtn\">\n            <i class=\"fas fa-crosshairs\"><\/i>\n            Mi ubicaci\u00f3n        <\/button>\n    <\/div>\n    \n    <div class=\"ovsl-filter-container\" id=\"ovslCategoryFilters\">\n        <!-- Los filtros se generan din\u00e1micamente por JavaScript -->\n    <\/div>\n    \n    <div id=\"ovslErrorContainer\"><\/div>\n<\/div>\n<div class=\"ovsl-map-module\" style=\"height: 675px;\">\n    <div id=\"ovslMap\" class=\"ovsl-map\"><\/div>\n<\/div>\n<div class=\"ovsl-stores-list-module ovsl-layout-modern\">\n    <div class=\"ovsl-stores-header\">\n        <h3>\n            <i class=\"fas fa-store\"><\/i> \n            Locales \n            (<span id=\"ovslResultsCount\">0<\/span>)\n        <\/h3>\n    <\/div>\n    \n    <div id=\"ovslStoreList\" class=\"ovsl-stores-container\">\n        <div class=\"ovsl-loading\">\n            <i class=\"fas fa-spinner fa-spin\"><\/i><br>\n            Cargando locales...        <\/div>\n    <\/div>\n<\/div><\/p>\n","protected":false},"author":1,"featured_media":0,"parent":0,"menu_order":0,"comment_status":"closed","ping_status":"closed","template":"","meta":{"_et_pb_use_builder":"on","_et_pb_old_content":"<!-- wp:heading -->\n<h2>cdmx<\/h2>\n<!-- \/wp:heading -->\n\n<!-- wp:columns -->\n<div class=\"wp-block-columns\"><!-- wp:column -->\n<div class=\"wp-block-column\"><!-- wp:image {\"align\":\"center\",\"id\":773,\"sizeSlug\":\"full\",\"linkDestination\":\"custom\"} -->\n<figure class=\"wp-block-image aligncenter size-full\"><a href=\"instagram.com\/na_tlali\"><img src=\"https:\/\/redveganasantiespecistas.com\/wp-content\/uploads\/2023\/06\/Na-Tlali.jpeg\" alt=\"\" class=\"wp-image-773\"\/><\/a><figcaption class=\"wp-element-caption\">@na_tlali<\/figcaption><\/figure>\n<!-- \/wp:image --><\/div>\n<!-- \/wp:column -->\n\n<!-- wp:column -->\n<div class=\"wp-block-column\"><!-- wp:image {\"align\":\"center\",\"id\":774,\"sizeSlug\":\"full\",\"linkDestination\":\"custom\"} -->\n<figure class=\"wp-block-image aligncenter size-full\"><a href=\"Instagram.com\/cafevegetalmx\"><img src=\"https:\/\/redveganasantiespecistas.com\/wp-content\/uploads\/2023\/06\/Cafe-Vegetal-.jpeg\" alt=\"\" class=\"wp-image-774\"\/><\/a><figcaption class=\"wp-element-caption\">@cafevegetalmx<\/figcaption><\/figure>\n<!-- \/wp:image --><\/div>\n<!-- \/wp:column -->\n\n<!-- wp:column -->\n<div class=\"wp-block-column\"><!-- wp:image {\"align\":\"center\",\"id\":775,\"sizeSlug\":\"full\",\"linkDestination\":\"custom\"} -->\n<figure class=\"wp-block-image aligncenter size-full\"><a href=\"forevervegano.com\"><img src=\"https:\/\/redveganasantiespecistas.com\/wp-content\/uploads\/2023\/06\/Forever-.jpeg\" alt=\"\" class=\"wp-image-775\"\/><\/a><figcaption class=\"wp-element-caption\">forevervegano.com<\/figcaption><\/figure>\n<!-- \/wp:image --><\/div>\n<!-- \/wp:column --><\/div>\n<!-- \/wp:columns -->\n\n<!-- wp:columns -->\n<div class=\"wp-block-columns\"><!-- wp:column -->\n<div class=\"wp-block-column\"><!-- wp:image {\"align\":\"center\",\"id\":776,\"sizeSlug\":\"full\",\"linkDestination\":\"custom\"} -->\n<figure class=\"wp-block-image aligncenter size-full\"><a href=\"graciasmadretaqueriavegana.com\"><img src=\"https:\/\/redveganasantiespecistas.com\/wp-content\/uploads\/2023\/06\/Gracias-Madre.jpeg\" alt=\"\" class=\"wp-image-776\"\/><\/a><figcaption class=\"wp-element-caption\">www.graciasmadretaqueriavegana.com<\/figcaption><\/figure>\n<!-- \/wp:image --><\/div>\n<!-- \/wp:column -->\n\n<!-- wp:column -->\n<div class=\"wp-block-column\"><!-- wp:image {\"align\":\"center\",\"id\":777,\"sizeSlug\":\"full\",\"linkDestination\":\"custom\"} -->\n<figure class=\"wp-block-image aligncenter size-full\"><a href=\"losloosers.mx\"><img src=\"https:\/\/redveganasantiespecistas.com\/wp-content\/uploads\/2023\/06\/Los-loosers.jpeg\" alt=\"\" class=\"wp-image-777\"\/><\/a><figcaption class=\"wp-element-caption\">losloosers.mx<\/figcaption><\/figure>\n<!-- \/wp:image --><\/div>\n<!-- \/wp:column -->\n\n<!-- wp:column -->\n<div class=\"wp-block-column\"><!-- wp:image {\"align\":\"center\",\"id\":778,\"sizeSlug\":\"full\",\"linkDestination\":\"custom\"} -->\n<figure class=\"wp-block-image aligncenter size-full\"><a href=\"Instagram.com\/malportaco\"><img src=\"https:\/\/redveganasantiespecistas.com\/wp-content\/uploads\/2023\/06\/Malportaco.jpeg\" alt=\"\" class=\"wp-image-778\"\/><\/a><figcaption class=\"wp-element-caption\">@malportaco<\/figcaption><\/figure>\n<!-- \/wp:image --><\/div>\n<!-- \/wp:column --><\/div>\n<!-- \/wp:columns -->\n\n<!-- wp:columns -->\n<div class=\"wp-block-columns\"><!-- wp:column -->\n<div class=\"wp-block-column\"><!-- wp:image {\"align\":\"center\",\"id\":779,\"sizeSlug\":\"full\",\"linkDestination\":\"custom\"} -->\n<figure class=\"wp-block-image aligncenter size-full\"><a href=\"www.palipali.mx\"><img src=\"https:\/\/redveganasantiespecistas.com\/wp-content\/uploads\/2023\/06\/Pali-Pali.jpeg\" alt=\"\" class=\"wp-image-779\"\/><\/a><figcaption class=\"wp-element-caption\">www.palipali.mx<\/figcaption><\/figure>\n<!-- \/wp:image --><\/div>\n<!-- \/wp:column -->\n\n<!-- wp:column -->\n<div class=\"wp-block-column\"><!-- wp:image {\"align\":\"center\",\"id\":780,\"sizeSlug\":\"full\",\"linkDestination\":\"custom\"} -->\n<figure class=\"wp-block-image aligncenter size-full\"><a href=\"Instagram.com\/paraisovegano1\"><img src=\"https:\/\/redveganasantiespecistas.com\/wp-content\/uploads\/2023\/06\/Paraiso-vegano.jpeg\" alt=\"\" class=\"wp-image-780\"\/><\/a><figcaption class=\"wp-element-caption\">@paraiso.vegano1<\/figcaption><\/figure>\n<!-- \/wp:image --><\/div>\n<!-- \/wp:column -->\n\n<!-- wp:column -->\n<div class=\"wp-block-column\"><!-- wp:image {\"align\":\"center\",\"id\":781,\"sizeSlug\":\"full\",\"linkDestination\":\"custom\"} -->\n<figure class=\"wp-block-image aligncenter size-full\"><a href=\"Instagram.com\/plantasia.cafe\"><img src=\"https:\/\/redveganasantiespecistas.com\/wp-content\/uploads\/2023\/06\/Plantasia.jpeg\" alt=\"\" class=\"wp-image-781\"\/><\/a><figcaption class=\"wp-element-caption\">plantasia.cafe<\/figcaption><\/figure>\n<!-- \/wp:image -->\n\n<!-- wp:paragraph -->\n<p><\/p>\n<!-- \/wp:paragraph --><\/div>\n<!-- \/wp:column --><\/div>\n<!-- \/wp:columns -->\n\n<!-- wp:columns -->\n<div class=\"wp-block-columns\"><!-- wp:column -->\n<div class=\"wp-block-column\"><!-- wp:image {\"align\":\"center\",\"id\":782,\"sizeSlug\":\"full\",\"linkDestination\":\"custom\"} -->\n<figure class=\"wp-block-image aligncenter size-full\"><a href=\"www.salvaxe.mx\"><img src=\"https:\/\/redveganasantiespecistas.com\/wp-content\/uploads\/2023\/06\/Salvaxe.jpeg\" alt=\"\" class=\"wp-image-782\"\/><\/a><figcaption class=\"wp-element-caption\">salvaxe.mx<\/figcaption><\/figure>\n<!-- \/wp:image --><\/div>\n<!-- \/wp:column -->\n\n<!-- wp:column -->\n<div class=\"wp-block-column\"><!-- wp:image {\"align\":\"center\",\"id\":783,\"sizeSlug\":\"full\",\"linkDestination\":\"custom\"} -->\n<figure class=\"wp-block-image aligncenter size-full\"><a href=\"www.vegamomx.com\"><img src=\"https:\/\/redveganasantiespecistas.com\/wp-content\/uploads\/2023\/06\/Vegamo.jpeg\" alt=\"\" class=\"wp-image-783\"\/><\/a><figcaption class=\"wp-element-caption\">www.vegamomx.com<\/figcaption><\/figure>\n<!-- \/wp:image --><\/div>\n<!-- \/wp:column -->\n\n<!-- wp:column -->\n<div class=\"wp-block-column\"><!-- wp:image {\"align\":\"center\",\"id\":784,\"sizeSlug\":\"full\",\"linkDestination\":\"custom\"} -->\n<figure class=\"wp-block-image aligncenter size-full\"><a href=\"Instagram.com\/veggicano\"><img src=\"https:\/\/redveganasantiespecistas.com\/wp-content\/uploads\/2023\/06\/Veggicano.jpeg\" alt=\"\" class=\"wp-image-784\"\/><\/a><figcaption class=\"wp-element-caption\">@veggicano<\/figcaption><\/figure>\n<!-- \/wp:image --><\/div>\n<!-- \/wp:column --><\/div>\n<!-- \/wp:columns -->\n\n<!-- wp:columns -->\n<div class=\"wp-block-columns\"><!-- wp:column -->\n<div class=\"wp-block-column\"><!-- wp:image {\"align\":\"center\",\"id\":874,\"width\":150,\"height\":150,\"sizeSlug\":\"full\",\"linkDestination\":\"none\"} -->\n<figure class=\"wp-block-image aligncenter size-full is-resized\"><img src=\"https:\/\/redveganasantiespecistas.com\/wp-content\/uploads\/2023\/06\/Veggie-Koi-1.jpeg\" alt=\"\" class=\"wp-image-874\" width=\"150\" height=\"150\"\/><figcaption class=\"wp-element-caption\"><a href=\"http:\/\/instagram.com\/veggiekoi\" data-type=\"URL\" data-id=\"instagram.com\/veggiekoi\">instagram.com\/veggiekoi<\/a><\/figcaption><\/figure>\n<!-- \/wp:image --><\/div>\n<!-- \/wp:column -->\n\n<!-- wp:column -->\n<div class=\"wp-block-column\"><\/div>\n<!-- \/wp:column -->\n\n<!-- wp:column -->\n<div class=\"wp-block-column\"><\/div>\n<!-- \/wp:column --><\/div>\n<!-- \/wp:columns -->\n\n<!-- wp:heading -->\n<h2>San Miguel de Allende, Guanajuato<\/h2>\n<!-- \/wp:heading -->\n\n<!-- wp:paragraph -->\n<p><\/p>\n<!-- \/wp:paragraph -->\n\n<!-- wp:columns -->\n<div class=\"wp-block-columns\"><!-- wp:column -->\n<div class=\"wp-block-column\"><!-- wp:image {\"align\":\"center\",\"id\":785,\"sizeSlug\":\"full\",\"linkDestination\":\"custom\"} -->\n<figure class=\"wp-block-image aligncenter size-full\"><a href=\"Instagram.com\/dontacotequila\"><img src=\"https:\/\/redveganasantiespecistas.com\/wp-content\/uploads\/2023\/06\/Don-Taco-Tequila.jpeg\" alt=\"\" class=\"wp-image-785\"\/><\/a><figcaption class=\"wp-element-caption\">@dontacotequila<\/figcaption><\/figure>\n<!-- \/wp:image --><\/div>\n<!-- \/wp:column -->\n\n<!-- wp:column -->\n<div class=\"wp-block-column\"><!-- wp:image {\"align\":\"center\",\"id\":786,\"sizeSlug\":\"full\",\"linkDestination\":\"none\"} -->\n<figure class=\"wp-block-image aligncenter size-full\"><img src=\"https:\/\/redveganasantiespecistas.com\/wp-content\/uploads\/2023\/06\/La-Cabra-Iluminada.jpeg\" alt=\"\" class=\"wp-image-786\"\/><figcaption class=\"wp-element-caption\"><a href=\"http:\/\/Instagram.com\/lacabrailuminada\" data-type=\"URL\" data-id=\"Instagram.com\/lacabrailuminada\">Instagram.com\/lacabrailuminada<\/a><\/figcaption><\/figure>\n<!-- \/wp:image -->\n\n<!-- wp:paragraph -->\n<p><\/p>\n<!-- \/wp:paragraph --><\/div>\n<!-- \/wp:column -->\n\n<!-- wp:column -->\n<div class=\"wp-block-column\"><\/div>\n<!-- \/wp:column --><\/div>\n<!-- \/wp:columns -->","_et_gb_content_width":"","footnotes":""},"class_list":["post-772","page","type-page","status-publish","hentry"],"yoast_head":"<!-- This site is optimized with the Yoast SEO plugin v27.3 - https:\/\/yoast.com\/product\/yoast-seo-wordpress\/ -->\n<title>Mapa Vegan - redveganasantiespecistas.com<\/title>\n<meta name=\"robots\" content=\"index, follow, max-snippet:-1, max-image-preview:large, max-video-preview:-1\" \/>\n<link rel=\"canonical\" href=\"https:\/\/redveganasantiespecistas.com\/index.php\/mapa-vegan\/\" \/>\n<meta property=\"og:locale\" content=\"es_ES\" \/>\n<meta property=\"og:type\" content=\"article\" \/>\n<meta property=\"og:title\" content=\"Mapa Vegan - redveganasantiespecistas.com\" \/>\n<meta property=\"og:description\" content=\"Mapa Vegan\" \/>\n<meta property=\"og:url\" content=\"https:\/\/redveganasantiespecistas.com\/index.php\/mapa-vegan\/\" \/>\n<meta property=\"og:site_name\" content=\"redveganasantiespecistas.com\" \/>\n<meta property=\"article:modified_time\" content=\"2026-02-22T16:46:18+00:00\" \/>\n<meta name=\"twitter:card\" content=\"summary_large_image\" \/>\n<meta name=\"twitter:label1\" content=\"Tiempo de lectura\" \/>\n\t<meta name=\"twitter:data1\" content=\"2 minutos\" \/>\n<script type=\"application\/ld+json\" class=\"yoast-schema-graph\">{\"@context\":\"https:\\\/\\\/schema.org\",\"@graph\":[{\"@type\":\"WebPage\",\"@id\":\"https:\\\/\\\/redveganasantiespecistas.com\\\/index.php\\\/mapa-vegan\\\/\",\"url\":\"https:\\\/\\\/redveganasantiespecistas.com\\\/index.php\\\/mapa-vegan\\\/\",\"name\":\"Mapa Vegan - redveganasantiespecistas.com\",\"isPartOf\":{\"@id\":\"https:\\\/\\\/redveganasantiespecistas.com\\\/#website\"},\"datePublished\":\"2023-06-02T14:29:04+00:00\",\"dateModified\":\"2026-02-22T16:46:18+00:00\",\"breadcrumb\":{\"@id\":\"https:\\\/\\\/redveganasantiespecistas.com\\\/index.php\\\/mapa-vegan\\\/#breadcrumb\"},\"inLanguage\":\"es\",\"potentialAction\":[{\"@type\":\"ReadAction\",\"target\":[\"https:\\\/\\\/redveganasantiespecistas.com\\\/index.php\\\/mapa-vegan\\\/\"]}]},{\"@type\":\"BreadcrumbList\",\"@id\":\"https:\\\/\\\/redveganasantiespecistas.com\\\/index.php\\\/mapa-vegan\\\/#breadcrumb\",\"itemListElement\":[{\"@type\":\"ListItem\",\"position\":1,\"name\":\"Inicio\",\"item\":\"https:\\\/\\\/redveganasantiespecistas.com\\\/\"},{\"@type\":\"ListItem\",\"position\":2,\"name\":\"Mapa Vegan\"}]},{\"@type\":\"WebSite\",\"@id\":\"https:\\\/\\\/redveganasantiespecistas.com\\\/#website\",\"url\":\"https:\\\/\\\/redveganasantiespecistas.com\\\/\",\"name\":\"redveganasantiespecistas.com\",\"description\":\"Trabajamos juntas para acabar con el especismo\",\"potentialAction\":[{\"@type\":\"SearchAction\",\"target\":{\"@type\":\"EntryPoint\",\"urlTemplate\":\"https:\\\/\\\/redveganasantiespecistas.com\\\/?s={search_term_string}\"},\"query-input\":{\"@type\":\"PropertyValueSpecification\",\"valueRequired\":true,\"valueName\":\"search_term_string\"}}],\"inLanguage\":\"es\"}]}<\/script>\n<!-- \/ Yoast SEO plugin. -->","yoast_head_json":{"title":"Mapa Vegan - redveganasantiespecistas.com","robots":{"index":"index","follow":"follow","max-snippet":"max-snippet:-1","max-image-preview":"max-image-preview:large","max-video-preview":"max-video-preview:-1"},"canonical":"https:\/\/redveganasantiespecistas.com\/index.php\/mapa-vegan\/","og_locale":"es_ES","og_type":"article","og_title":"Mapa Vegan - redveganasantiespecistas.com","og_description":"Mapa Vegan","og_url":"https:\/\/redveganasantiespecistas.com\/index.php\/mapa-vegan\/","og_site_name":"redveganasantiespecistas.com","article_modified_time":"2026-02-22T16:46:18+00:00","twitter_card":"summary_large_image","twitter_misc":{"Tiempo de lectura":"2 minutos"},"schema":{"@context":"https:\/\/schema.org","@graph":[{"@type":"WebPage","@id":"https:\/\/redveganasantiespecistas.com\/index.php\/mapa-vegan\/","url":"https:\/\/redveganasantiespecistas.com\/index.php\/mapa-vegan\/","name":"Mapa Vegan - redveganasantiespecistas.com","isPartOf":{"@id":"https:\/\/redveganasantiespecistas.com\/#website"},"datePublished":"2023-06-02T14:29:04+00:00","dateModified":"2026-02-22T16:46:18+00:00","breadcrumb":{"@id":"https:\/\/redveganasantiespecistas.com\/index.php\/mapa-vegan\/#breadcrumb"},"inLanguage":"es","potentialAction":[{"@type":"ReadAction","target":["https:\/\/redveganasantiespecistas.com\/index.php\/mapa-vegan\/"]}]},{"@type":"BreadcrumbList","@id":"https:\/\/redveganasantiespecistas.com\/index.php\/mapa-vegan\/#breadcrumb","itemListElement":[{"@type":"ListItem","position":1,"name":"Inicio","item":"https:\/\/redveganasantiespecistas.com\/"},{"@type":"ListItem","position":2,"name":"Mapa Vegan"}]},{"@type":"WebSite","@id":"https:\/\/redveganasantiespecistas.com\/#website","url":"https:\/\/redveganasantiespecistas.com\/","name":"redveganasantiespecistas.com","description":"Trabajamos juntas para acabar con el especismo","potentialAction":[{"@type":"SearchAction","target":{"@type":"EntryPoint","urlTemplate":"https:\/\/redveganasantiespecistas.com\/?s={search_term_string}"},"query-input":{"@type":"PropertyValueSpecification","valueRequired":true,"valueName":"search_term_string"}}],"inLanguage":"es"}]}},"_links":{"self":[{"href":"https:\/\/redveganasantiespecistas.com\/index.php\/wp-json\/wp\/v2\/pages\/772","targetHints":{"allow":["GET"]}}],"collection":[{"href":"https:\/\/redveganasantiespecistas.com\/index.php\/wp-json\/wp\/v2\/pages"}],"about":[{"href":"https:\/\/redveganasantiespecistas.com\/index.php\/wp-json\/wp\/v2\/types\/page"}],"author":[{"embeddable":true,"href":"https:\/\/redveganasantiespecistas.com\/index.php\/wp-json\/wp\/v2\/users\/1"}],"replies":[{"embeddable":true,"href":"https:\/\/redveganasantiespecistas.com\/index.php\/wp-json\/wp\/v2\/comments?post=772"}],"version-history":[{"count":28,"href":"https:\/\/redveganasantiespecistas.com\/index.php\/wp-json\/wp\/v2\/pages\/772\/revisions"}],"predecessor-version":[{"id":2494,"href":"https:\/\/redveganasantiespecistas.com\/index.php\/wp-json\/wp\/v2\/pages\/772\/revisions\/2494"}],"wp:attachment":[{"href":"https:\/\/redveganasantiespecistas.com\/index.php\/wp-json\/wp\/v2\/media?parent=772"}],"curies":[{"name":"wp","href":"https:\/\/api.w.org\/{rel}","templated":true}]}}