{"id":766,"date":"2023-06-02T02:03:29","date_gmt":"2023-06-02T08:03:29","guid":{"rendered":"https:\/\/redveganasantiespecistas.com\/?page_id=766"},"modified":"2026-02-19T08:33:29","modified_gmt":"2026-02-19T14:33:29","slug":"unete-al-directorio","status":"publish","type":"page","link":"https:\/\/redveganasantiespecistas.com\/index.php\/unete-al-directorio\/","title":{"rendered":"\u00danete al Directorio"},"content":{"rendered":"<p>[et_pb_section fb_built=\u00bb1&#8243; _builder_version=\u00bb4.20.4&#8243; _module_preset=\u00bbdefault\u00bb background_color=\u00bb#000000&#8243; global_colors_info=\u00bb{}\u00bb][et_pb_row _builder_version=\u00bb4.20.4&#8243; _module_preset=\u00bbdefault\u00bb global_colors_info=\u00bb{}\u00bb][et_pb_column type=\u00bb4_4&#8243; _builder_version=\u00bb4.20.4&#8243; _module_preset=\u00bbdefault\u00bb global_colors_info=\u00bb{}\u00bb][et_pb_text _builder_version=\u00bb4.20.4&#8243; _module_preset=\u00bbdefault\u00bb text_font_size=\u00bb16px\u00bb header_2_font=\u00bbLora|700|||||||\u00bb header_2_font_size=\u00bb46px\u00bb global_colors_info=\u00bb{}\u00bb]<\/p>\n<h2 style=\"text-align: center;\"><span style=\"color: #ffffff;\">\u00danete al directorio<\/span><\/h2>\n<p>[\/et_pb_text][\/et_pb_column][\/et_pb_row][\/et_pb_section][et_pb_section fb_built=\u00bb1&#8243; _builder_version=\u00bb4.20.4&#8243; _module_preset=\u00bbdefault\u00bb global_colors_info=\u00bb{}\u00bb][et_pb_row _builder_version=\u00bb4.20.4&#8243; _module_preset=\u00bbdefault\u00bb global_colors_info=\u00bb{}\u00bb][et_pb_column type=\u00bb4_4&#8243; _builder_version=\u00bb4.20.4&#8243; _module_preset=\u00bbdefault\u00bb global_colors_info=\u00bb{}\u00bb][et_pb_code _builder_version=\u00bb4.27.5&#8243; _module_preset=\u00bbdefault\u00bb hover_enabled=\u00bb0&#8243; global_colors_info=\u00bb{}\u00bb sticky_enabled=\u00bb0&#8243;]<iframe loading=\"lazy\" src=\"https:\/\/docs.google.com\/forms\/d\/e\/1FAIpQLSeL9YrDvOqbADiMNWa0tdpH5J1Lurd4CeyG7bFDON6DaMju2g\/viewform?embedded=true\" width=\"720\" height=\"600\" frameborder=\"0\" marginheight=\"0\" marginwidth=\"0\" style=\"font-size: 14px;\"><\/iframe>[\/et_pb_code][\/et_pb_column][\/et_pb_row][\/et_pb_section][et_pb_section fb_built=\u00bb1&#8243; admin_label=\u00bbFooter Section\u00bb _builder_version=\u00bb4.20.2&#8243; background_color=\u00bb#000000&#8243; background_enable_image=\u00bboff\u00bb custom_padding=\u00bb18px|0px|18px|0px|true|false\u00bb saved_tabs=\u00bball\u00bb locked=\u00bboff\u00bb global_colors_info=\u00bb{}\u00bb][et_pb_row column_structure=\u00bb1_4,1_2,1_4&#8243; admin_label=\u00bbSubscribe\u00bb _builder_version=\u00bb4.16&#8243; custom_margin=\u00bb|||\u00bb custom_padding=\u00bb|||\u00bb animation_style=\u00bbzoom\u00bb animation_intensity_zoom=\u00bb5%\u00bb global_colors_info=\u00bb{}\u00bb][et_pb_column type=\u00bb1_4&#8243; _builder_version=\u00bb4.16&#8243; custom_padding=\u00bb|||\u00bb global_colors_info=\u00bb{}\u00bb custom_padding__hover=\u00bb|||\u00bb][\/et_pb_column][et_pb_column type=\u00bb1_2&#8243; _builder_version=\u00bb4.16&#8243; custom_padding=\u00bb|||\u00bb global_colors_info=\u00bb{}\u00bb custom_padding__hover=\u00bb|||\u00bb][et_pb_text _builder_version=\u00bb4.16&#8243; text_font=\u00bbLora||||||||\u00bb text_font_size=\u00bb18px\u00bb text_line_height=\u00bb2em\u00bb header_font=\u00bb||||||||\u00bb header_2_font=\u00bbLora|700|||||||\u00bb header_2_font_size=\u00bb50px\u00bb header_2_line_height=\u00bb1.5em\u00bb header_5_font=\u00bbOswald|||on|||||\u00bb header_5_text_color=\u00bbrgba(255,255,255,0.4)\u00bb header_5_font_size=\u00bb20px\u00bb header_5_letter_spacing=\u00bb3px\u00bb header_5_line_height=\u00bb1.7em\u00bb text_orientation=\u00bbcenter\u00bb background_layout=\u00bbdark\u00bb max_width=\u00bb750px\u00bb module_alignment=\u00bbcenter\u00bb custom_padding=\u00bb|||\u00bb text_line_height_last_edited=\u00bboff|desktop\u00bb header_2_font_size_tablet=\u00bb\u00bb header_2_font_size_phone=\u00bb36px\u00bb header_2_font_size_last_edited=\u00bbon|desktop\u00bb global_colors_info=\u00bb{}\u00bb]<\/p>\n<h5><\/h5>\n<h2>S\u00edguenos<\/h2>\n<p>[\/et_pb_text][et_pb_social_media_follow _builder_version=\u00bb4.27.2&#8243; background_color=\u00bb#000000&#8243; text_orientation=\u00bbcenter\u00bb custom_margin=\u00bb19px||0px||false|false\u00bb global_colors_info=\u00bb{}\u00bb][et_pb_social_media_follow_network social_network=\u00bbfacebook\u00bb url=\u00bbhttps:\/\/web.facebook.com\/RedVeganasAntiespecistas\/?ref=page_internal\u00bb _builder_version=\u00bb4.20.2&#8243; background_color=\u00bbrgba(255,255,255,0.1)\u00bb custom_margin=\u00bb|10px||10px\u00bb custom_padding=\u00bb20px|20px|20px|20px\u00bb border_radii=\u00bbon|50px|50px|50px|50px\u00bb global_colors_info=\u00bb{}\u00bb follow_button=\u00bboff\u00bb url_new_window=\u00bbon\u00bb]facebook[\/et_pb_social_media_follow_network][et_pb_social_media_follow_network social_network=\u00bbtwitter\u00bb url=\u00bbhttps:\/\/x.com\/RedVeganasenX\u00bb _builder_version=\u00bb4.27.2&#8243; background_color=\u00bbrgba(255,255,255,0.1)\u00bb custom_margin=\u00bb|10px||10px\u00bb custom_padding=\u00bb20px|20px|20px|20px\u00bb border_radii=\u00bbon|50px|50px|50px|50px\u00bb global_colors_info=\u00bb{}\u00bb follow_button=\u00bboff\u00bb url_new_window=\u00bbon\u00bb]twitter[\/et_pb_social_media_follow_network][et_pb_social_media_follow_network social_network=\u00bbinstagram\u00bb url=\u00bbhttps:\/\/www.instagram.com\/redveganasantiespecistas\/?hl=es-la\u00bb _builder_version=\u00bb4.20.2&#8243; background_color=\u00bbrgba(255,255,255,0.1)\u00bb custom_margin=\u00bb|10px||10px\u00bb custom_padding=\u00bb20px|20px|20px|20px\u00bb border_radii=\u00bbon|50px|50px|50px|50px\u00bb global_colors_info=\u00bb{}\u00bb follow_button=\u00bboff\u00bb url_new_window=\u00bbon\u00bb]instagram[\/et_pb_social_media_follow_network][et_pb_social_media_follow_network social_network=\u00bbyoutube\u00bb url=\u00bbhttps:\/\/www.youtube.com\/@RedVeganasAntiespecistas\/videos\u00bb _builder_version=\u00bb4.27.2&#8243; background_color=\u00bbrgba(255,255,255,0.1)\u00bb background_enable_color=\u00bbon\u00bb custom_margin=\u00bb|10px||10px\u00bb custom_padding=\u00bb20px|20px|20px|20px\u00bb border_radii=\u00bbon|50px|50px|50px|50px\u00bb global_colors_info=\u00bb{}\u00bb follow_button=\u00bboff\u00bb url_new_window=\u00bbon\u00bb]youtube[\/et_pb_social_media_follow_network][\/et_pb_social_media_follow][\/et_pb_column][et_pb_column type=\u00bb1_4&#8243; _builder_version=\u00bb4.16&#8243; custom_padding=\u00bb|||\u00bb global_colors_info=\u00bb{}\u00bb custom_padding__hover=\u00bb|||\u00bb][\/et_pb_column][\/et_pb_row][\/et_pb_section]<\/p>\n","protected":false},"excerpt":{"rendered":"<p>\u00danete al directorio S\u00edguenos<\/p>\n","protected":false},"author":1,"featured_media":0,"parent":0,"menu_order":0,"comment_status":"closed","ping_status":"closed","template":"","meta":{"_et_pb_use_builder":"on","_et_pb_old_content":"<!-- wp:paragraph -->\n<p>\u00a1Llena aqu\u00ed el formulario!<\/p>\n<!-- \/wp:paragraph -->\n\n<!-- wp:html -->\n<iframe src=\"https:\/\/docs.google.com\/forms\/d\/e\/1FAIpQLSegFf2VnwbcdzQsewVFzoIcoJ3344d3fjCUnqD4TYJMpgJ2ew\/viewform?embedded=true\" width=\"640\" height=\"2221\" frameborder=\"0\" marginheight=\"0\" marginwidth=\"0\">Cargando\u2026<\/iframe>\n<!-- \/wp:html -->","_et_gb_content_width":"","footnotes":""},"class_list":["post-766","page","type-page","status-publish","hentry"],"yoast_head":"<!-- This site is optimized with the Yoast SEO plugin v27.3 - https:\/\/yoast.com\/product\/yoast-seo-wordpress\/ -->\n<title>\u00danete al Directorio - redveganasantiespecistas.com<\/title>\n<meta name=\"robots\" content=\"index, follow, max-snippet:-1, max-image-preview:large, max-video-preview:-1\" \/>\n<link rel=\"canonical\" href=\"https:\/\/redveganasantiespecistas.com\/index.php\/unete-al-directorio\/\" \/>\n<meta property=\"og:locale\" content=\"es_ES\" \/>\n<meta property=\"og:type\" content=\"article\" \/>\n<meta property=\"og:title\" content=\"\u00danete al Directorio - redveganasantiespecistas.com\" \/>\n<meta property=\"og:description\" content=\"\u00danete al directorio S\u00edguenos\" \/>\n<meta property=\"og:url\" content=\"https:\/\/redveganasantiespecistas.com\/index.php\/unete-al-directorio\/\" \/>\n<meta property=\"og:site_name\" content=\"redveganasantiespecistas.com\" \/>\n<meta property=\"article:modified_time\" content=\"2026-02-19T14:33:29+00:00\" \/>\n<meta name=\"twitter:card\" content=\"summary_large_image\" \/>\n<meta name=\"twitter:label1\" content=\"Tiempo de lectura\" \/>\n\t<meta name=\"twitter:data1\" content=\"3 minutos\" \/>\n<script type=\"application\/ld+json\" class=\"yoast-schema-graph\">{\"@context\":\"https:\\\/\\\/schema.org\",\"@graph\":[{\"@type\":\"WebPage\",\"@id\":\"https:\\\/\\\/redveganasantiespecistas.com\\\/index.php\\\/unete-al-directorio\\\/\",\"url\":\"https:\\\/\\\/redveganasantiespecistas.com\\\/index.php\\\/unete-al-directorio\\\/\",\"name\":\"\u00danete al Directorio - redveganasantiespecistas.com\",\"isPartOf\":{\"@id\":\"https:\\\/\\\/redveganasantiespecistas.com\\\/#website\"},\"datePublished\":\"2023-06-02T08:03:29+00:00\",\"dateModified\":\"2026-02-19T14:33:29+00:00\",\"breadcrumb\":{\"@id\":\"https:\\\/\\\/redveganasantiespecistas.com\\\/index.php\\\/unete-al-directorio\\\/#breadcrumb\"},\"inLanguage\":\"es\",\"potentialAction\":[{\"@type\":\"ReadAction\",\"target\":[\"https:\\\/\\\/redveganasantiespecistas.com\\\/index.php\\\/unete-al-directorio\\\/\"]}]},{\"@type\":\"BreadcrumbList\",\"@id\":\"https:\\\/\\\/redveganasantiespecistas.com\\\/index.php\\\/unete-al-directorio\\\/#breadcrumb\",\"itemListElement\":[{\"@type\":\"ListItem\",\"position\":1,\"name\":\"Inicio\",\"item\":\"https:\\\/\\\/redveganasantiespecistas.com\\\/\"},{\"@type\":\"ListItem\",\"position\":2,\"name\":\"\u00danete al Directorio\"}]},{\"@type\":\"WebSite\",\"@id\":\"https:\\\/\\\/redveganasantiespecistas.com\\\/#website\",\"url\":\"https:\\\/\\\/redveganasantiespecistas.com\\\/\",\"name\":\"redveganasantiespecistas.com\",\"description\":\"Trabajamos juntas para acabar con el especismo\",\"potentialAction\":[{\"@type\":\"SearchAction\",\"target\":{\"@type\":\"EntryPoint\",\"urlTemplate\":\"https:\\\/\\\/redveganasantiespecistas.com\\\/?s={search_term_string}\"},\"query-input\":{\"@type\":\"PropertyValueSpecification\",\"valueRequired\":true,\"valueName\":\"search_term_string\"}}],\"inLanguage\":\"es\"}]}<\/script>\n<!-- \/ Yoast SEO plugin. -->","yoast_head_json":{"title":"\u00danete al Directorio - redveganasantiespecistas.com","robots":{"index":"index","follow":"follow","max-snippet":"max-snippet:-1","max-image-preview":"max-image-preview:large","max-video-preview":"max-video-preview:-1"},"canonical":"https:\/\/redveganasantiespecistas.com\/index.php\/unete-al-directorio\/","og_locale":"es_ES","og_type":"article","og_title":"\u00danete al Directorio - redveganasantiespecistas.com","og_description":"\u00danete al directorio S\u00edguenos","og_url":"https:\/\/redveganasantiespecistas.com\/index.php\/unete-al-directorio\/","og_site_name":"redveganasantiespecistas.com","article_modified_time":"2026-02-19T14:33:29+00:00","twitter_card":"summary_large_image","twitter_misc":{"Tiempo de lectura":"3 minutos"},"schema":{"@context":"https:\/\/schema.org","@graph":[{"@type":"WebPage","@id":"https:\/\/redveganasantiespecistas.com\/index.php\/unete-al-directorio\/","url":"https:\/\/redveganasantiespecistas.com\/index.php\/unete-al-directorio\/","name":"\u00danete al Directorio - redveganasantiespecistas.com","isPartOf":{"@id":"https:\/\/redveganasantiespecistas.com\/#website"},"datePublished":"2023-06-02T08:03:29+00:00","dateModified":"2026-02-19T14:33:29+00:00","breadcrumb":{"@id":"https:\/\/redveganasantiespecistas.com\/index.php\/unete-al-directorio\/#breadcrumb"},"inLanguage":"es","potentialAction":[{"@type":"ReadAction","target":["https:\/\/redveganasantiespecistas.com\/index.php\/unete-al-directorio\/"]}]},{"@type":"BreadcrumbList","@id":"https:\/\/redveganasantiespecistas.com\/index.php\/unete-al-directorio\/#breadcrumb","itemListElement":[{"@type":"ListItem","position":1,"name":"Inicio","item":"https:\/\/redveganasantiespecistas.com\/"},{"@type":"ListItem","position":2,"name":"\u00danete al Directorio"}]},{"@type":"WebSite","@id":"https:\/\/redveganasantiespecistas.com\/#website","url":"https:\/\/redveganasantiespecistas.com\/","name":"redveganasantiespecistas.com","description":"Trabajamos juntas para acabar con el especismo","potentialAction":[{"@type":"SearchAction","target":{"@type":"EntryPoint","urlTemplate":"https:\/\/redveganasantiespecistas.com\/?s={search_term_string}"},"query-input":{"@type":"PropertyValueSpecification","valueRequired":true,"valueName":"search_term_string"}}],"inLanguage":"es"}]}},"_links":{"self":[{"href":"https:\/\/redveganasantiespecistas.com\/index.php\/wp-json\/wp\/v2\/pages\/766","targetHints":{"allow":["GET"]}}],"collection":[{"href":"https:\/\/redveganasantiespecistas.com\/index.php\/wp-json\/wp\/v2\/pages"}],"about":[{"href":"https:\/\/redveganasantiespecistas.com\/index.php\/wp-json\/wp\/v2\/types\/page"}],"author":[{"embeddable":true,"href":"https:\/\/redveganasantiespecistas.com\/index.php\/wp-json\/wp\/v2\/users\/1"}],"replies":[{"embeddable":true,"href":"https:\/\/redveganasantiespecistas.com\/index.php\/wp-json\/wp\/v2\/comments?post=766"}],"version-history":[{"count":14,"href":"https:\/\/redveganasantiespecistas.com\/index.php\/wp-json\/wp\/v2\/pages\/766\/revisions"}],"predecessor-version":[{"id":2487,"href":"https:\/\/redveganasantiespecistas.com\/index.php\/wp-json\/wp\/v2\/pages\/766\/revisions\/2487"}],"wp:attachment":[{"href":"https:\/\/redveganasantiespecistas.com\/index.php\/wp-json\/wp\/v2\/media?parent=766"}],"curies":[{"name":"wp","href":"https:\/\/api.w.org\/{rel}","templated":true}]}}