{"id":341,"date":"2023-03-16T19:42:53","date_gmt":"2023-03-17T01:42:53","guid":{"rendered":"https:\/\/redveganasantiespecistas.com\/?page_id=341"},"modified":"2025-05-09T09:32:58","modified_gmt":"2025-05-09T15:32:58","slug":"medios","status":"publish","type":"page","link":"https:\/\/redveganasantiespecistas.com\/index.php\/medios\/","title":{"rendered":"Medios"},"content":{"rendered":"<p>[et_pb_section fb_built=\u00bb1&#8243; fullwidth=\u00bbon\u00bb _builder_version=\u00bb4.20.2&#8243; _module_preset=\u00bbdefault\u00bb global_colors_info=\u00bb{}\u00bb][et_pb_fullwidth_image src=\u00bbhttps:\/\/redveganasantiespecistas.com\/wp-content\/uploads\/2023\/01\/\u00a1HASTA-QUE-TODOS-LOS-SERES-SEAN-LIBRES.png\u00bb title_text=\u00bb\u00a1HASTA QUE TODOS LOS SERES SEAN LIBRES!\u00bb _builder_version=\u00bb4.20.2&#8243; _module_preset=\u00bbdefault\u00bb custom_margin=\u00bb||-9px|||\u00bb global_colors_info=\u00bb{}\u00bb][\/et_pb_fullwidth_image][\/et_pb_section][et_pb_section fb_built=\u00bb1&#8243; admin_label=\u00bbServices Section\u00bb _builder_version=\u00bb4.20.2&#8243; background_color=\u00bb#000000&#8243; custom_margin=\u00bb5px|||||\u00bb custom_padding=\u00bb21px|0px|21px|0px|true|false\u00bb global_colors_info=\u00bb{}\u00bb][et_pb_row _builder_version=\u00bb4.16&#8243; custom_padding=\u00bb3px|||||\u00bb global_colors_info=\u00bb{}\u00bb][et_pb_column type=\u00bb4_4&#8243; _builder_version=\u00bb4.16&#8243; custom_padding=\u00bb|||\u00bb global_colors_info=\u00bb{}\u00bb custom_padding__hover=\u00bb|||\u00bb][et_pb_text _builder_version=\u00bb4.16&#8243; text_font=\u00bb||||||||\u00bb header_font=\u00bb||||||||\u00bb header_2_font=\u00bbLora|700|||||||\u00bb header_2_font_size=\u00bb50px\u00bb header_2_line_height=\u00bb1.5em\u00bb header_5_font=\u00bbOswald|||on|||||\u00bb header_5_text_color=\u00bbrgba(255,255,255,0.4)\u00bb header_5_font_size=\u00bb20px\u00bb header_5_letter_spacing=\u00bb3px\u00bb header_5_line_height=\u00bb1.7em\u00bb text_orientation=\u00bbcenter\u00bb background_layout=\u00bbdark\u00bb max_width=\u00bb600px\u00bb module_alignment=\u00bbcenter\u00bb custom_margin=\u00bb||-12px|||\u00bb text_line_height_last_edited=\u00bboff|desktop\u00bb header_2_font_size_tablet=\u00bb\u00bb header_2_font_size_phone=\u00bb36px\u00bb header_2_font_size_last_edited=\u00bbon|desktop\u00bb global_colors_info=\u00bb{}\u00bb]<\/p>\n<h5><\/h5>\n<h2>Medios\u00a0<\/h2>\n<p>[\/et_pb_text][\/et_pb_column][\/et_pb_row][et_pb_row column_structure=\u00bb1_4,1_4,1_4,1_4&#8243; _builder_version=\u00bb4.16&#8243; global_colors_info=\u00bb{}\u00bb][et_pb_column type=\u00bb1_4&#8243; _builder_version=\u00bb4.16&#8243; custom_padding=\u00bb|||\u00bb global_colors_info=\u00bb{}\u00bb custom_padding__hover=\u00bb|||\u00bb][et_pb_blurb title=\u00bbPARA ESCUCHAR\u00bb use_icon=\u00bbon\u00bb font_icon=\u00bb&#xf025;||fa||900&#8243; icon_color=\u00bb#fb262e\u00bb image_icon_width=\u00bb60px\u00bb _builder_version=\u00bb4.20.2&#8243; header_font=\u00bbOswald|||on|||||\u00bb header_text_align=\u00bbcenter\u00bb header_letter_spacing=\u00bb3px\u00bb header_line_height=\u00bb1.7em\u00bb body_font=\u00bbLora||||||||\u00bb body_font_size=\u00bb18px\u00bb body_line_height=\u00bb2em\u00bb text_orientation=\u00bbcenter\u00bb background_layout=\u00bbdark\u00bb custom_margin=\u00bb||14px|||\u00bb animation_style=\u00bbfade\u00bb animation=\u00bboff\u00bb image_max_width=\u00bb64px\u00bb global_colors_info=\u00bb{}\u00bb]<\/p>\n<p>Acompa\u00f1amos tu d\u00eda con m\u00fasica y noticias<\/p>\n<p>[\/et_pb_blurb][et_pb_button button_url=\u00bb@ET-DC@eyJkeW5hbWljIjp0cnVlLCJjb250ZW50IjoicG9zdF9saW5rX3VybF9wYWdlIiwic2V0dGluZ3MiOnsicG9zdF9pZCI6IjM2In19@\u00bb button_text=\u00bbVer m\u00e1s\u00bb button_alignment=\u00bbcenter\u00bb _builder_version=\u00bb4.20.2&#8243; _dynamic_attributes=\u00bbbutton_url\u00bb _module_preset=\u00bbdefault\u00bb custom_button=\u00bbon\u00bb button_text_color=\u00bb#FFFFFF\u00bb button_border_radius=\u00bb23px\u00bb global_colors_info=\u00bb{}\u00bb][\/et_pb_button][et_pb_button button_alignment=\u00bbcenter\u00bb _builder_version=\u00bb4.20.2&#8243; _module_preset=\u00bbdefault\u00bb background_layout=\u00bbdark\u00bb global_colors_info=\u00bb{}\u00bb][\/et_pb_button][\/et_pb_column][et_pb_column type=\u00bb1_4&#8243; _builder_version=\u00bb4.16&#8243; custom_padding=\u00bb|||\u00bb global_colors_info=\u00bb{}\u00bb custom_padding__hover=\u00bb|||\u00bb][et_pb_blurb title=\u00bbPARA LEER\u00bb use_icon=\u00bbon\u00bb font_icon=\u00bb&#xf5da;||fa||900&#8243; icon_color=\u00bb#fb262e\u00bb image_icon_width=\u00bb60px\u00bb _builder_version=\u00bb4.20.2&#8243; header_font=\u00bbOswald|||on|||||\u00bb header_text_align=\u00bbcenter\u00bb header_letter_spacing=\u00bb3px\u00bb header_line_height=\u00bb1.7em\u00bb body_font=\u00bbLora||||||||\u00bb body_font_size=\u00bb18px\u00bb body_line_height=\u00bb2em\u00bb text_orientation=\u00bbcenter\u00bb background_layout=\u00bbdark\u00bb custom_margin=\u00bb||13px|||\u00bb animation_style=\u00bbfade\u00bb animation=\u00bboff\u00bb image_max_width=\u00bb64px\u00bb global_colors_info=\u00bb{}\u00bb]<\/p>\n<p>Revisa aqu\u00ed textos antiespecistas<\/p>\n<p>[\/et_pb_blurb][et_pb_button button_url=\u00bb@ET-DC@eyJkeW5hbWljIjp0cnVlLCJjb250ZW50IjoicG9zdF9saW5rX3VybF9wYWdlIiwic2V0dGluZ3MiOnsicG9zdF9pZCI6IjM4In19@\u00bb button_text=\u00bbVer m\u00e1s\u00bb button_alignment=\u00bbcenter\u00bb _builder_version=\u00bb4.20.2&#8243; _dynamic_attributes=\u00bbbutton_url\u00bb _module_preset=\u00bbdefault\u00bb custom_button=\u00bbon\u00bb button_text_color=\u00bb#FFFFFF\u00bb button_border_radius=\u00bb23px\u00bb global_colors_info=\u00bb{}\u00bb][\/et_pb_button][\/et_pb_column][et_pb_column type=\u00bb1_4&#8243; _builder_version=\u00bb4.20.2&#8243; _module_preset=\u00bbdefault\u00bb global_colors_info=\u00bb{}\u00bb][et_pb_blurb title=\u00bbPARA VER\u00bb use_icon=\u00bbon\u00bb font_icon=\u00bb&#xf03d;||fa||900&#8243; icon_color=\u00bb#fb262e\u00bb image_icon_width=\u00bb60px\u00bb _builder_version=\u00bb4.20.2&#8243; header_font=\u00bbOswald|||on|||||\u00bb header_text_align=\u00bbcenter\u00bb header_letter_spacing=\u00bb3px\u00bb header_line_height=\u00bb1.7em\u00bb body_font=\u00bbLora||||||||\u00bb body_font_size=\u00bb18px\u00bb body_line_height=\u00bb2em\u00bb text_orientation=\u00bbcenter\u00bb background_layout=\u00bbdark\u00bb custom_margin=\u00bb||15px|||\u00bb animation_style=\u00bbfade\u00bb animation=\u00bboff\u00bb image_max_width=\u00bb64px\u00bb global_colors_info=\u00bb{}\u00bb]<\/p>\n<p>Aqu\u00ed encuentras material audiovisual<\/p>\n<p>[\/et_pb_blurb][et_pb_button button_url=\u00bb@ET-DC@eyJkeW5hbWljIjp0cnVlLCJjb250ZW50IjoicG9zdF9saW5rX3VybF9wYWdlIiwic2V0dGluZ3MiOnsicG9zdF9pZCI6IjUxIn19@\u00bb button_text=\u00bbVer m\u00e1s\u00bb button_alignment=\u00bbcenter\u00bb _builder_version=\u00bb4.20.2&#8243; _dynamic_attributes=\u00bbbutton_url\u00bb _module_preset=\u00bbdefault\u00bb custom_button=\u00bbon\u00bb button_text_color=\u00bb#FFFFFF\u00bb button_border_radius=\u00bb23px\u00bb global_colors_info=\u00bb{}\u00bb][\/et_pb_button][\/et_pb_column][et_pb_column type=\u00bb1_4&#8243; _builder_version=\u00bb4.16&#8243; custom_padding=\u00bb|||\u00bb global_colors_info=\u00bb{}\u00bb custom_padding__hover=\u00bb|||\u00bb][et_pb_blurb title=\u00bbARTIVISMO\u00bb use_icon=\u00bbon\u00bb font_icon=\u00bb&#xf1fc;||fa||900&#8243; icon_color=\u00bb#fb262e\u00bb image_icon_width=\u00bb60px\u00bb _builder_version=\u00bb4.20.4&#8243; header_font=\u00bbOswald|||on|||||\u00bb header_text_align=\u00bbcenter\u00bb header_letter_spacing=\u00bb3px\u00bb header_line_height=\u00bb1.7em\u00bb body_font=\u00bbLora||||||||\u00bb body_font_size=\u00bb18px\u00bb body_line_height=\u00bb2em\u00bb text_orientation=\u00bbcenter\u00bb background_layout=\u00bbdark\u00bb custom_margin=\u00bb||15px|||\u00bb animation_style=\u00bbfade\u00bb animation=\u00bboff\u00bb image_max_width=\u00bb64px\u00bb global_colors_info=\u00bb{}\u00bb]<\/p>\n<p>Arte, dise\u00f1o, ilustraci\u00f3n, fotograf\u00eda.<\/p>\n<p>[\/et_pb_blurb][et_pb_button button_url=\u00bb@ET-DC@eyJkeW5hbWljIjp0cnVlLCJjb250ZW50IjoicG9zdF9saW5rX3VybF9wYWdlIiwic2V0dGluZ3MiOnsicG9zdF9pZCI6IjU2In19@\u00bb button_text=\u00bbVer m\u00e1s\u00bb button_alignment=\u00bbcenter\u00bb _builder_version=\u00bb4.20.4&#8243; _dynamic_attributes=\u00bbbutton_url\u00bb _module_preset=\u00bbdefault\u00bb custom_button=\u00bbon\u00bb button_text_color=\u00bb#FFFFFF\u00bb button_border_radius=\u00bb23px\u00bb global_colors_info=\u00bb{}\u00bb][\/et_pb_button][\/et_pb_column][\/et_pb_row][et_pb_row _builder_version=\u00bb4.22.2&#8243; _module_preset=\u00bbdefault\u00bb background_color=\u00bb#000000&#8243; custom_padding=\u00bb||3px|||\u00bb global_colors_info=\u00bb{}\u00bb][et_pb_column type=\u00bb4_4&#8243; _builder_version=\u00bb4.22.2&#8243; _module_preset=\u00bbdefault\u00bb global_colors_info=\u00bb{}\u00bb][et_pb_divider color=\u00bb#FFFFFF\u00bb divider_weight=\u00bb2px\u00bb _builder_version=\u00bb4.22.2&#8243; _module_preset=\u00bbdefault\u00bb global_colors_info=\u00bb{}\u00bb][\/et_pb_divider][et_pb_text _builder_version=\u00bb4.22.2&#8243; _module_preset=\u00bbdefault\u00bb text_text_color=\u00bb#FFFFFF\u00bb header_font=\u00bb|700|||||||\u00bb header_text_color=\u00bb#FFFFFF\u00bb header_2_text_color=\u00bb#FFFFFF\u00bb global_colors_info=\u00bb{}\u00bb]<\/p>\n<h1 style=\"text-align: center;\">Descarga Material para activismo<\/h1>\n<p>[\/et_pb_text][et_pb_blurb title=\u00bbDESCARGA AQU\u00cd\u00bb url=\u00bbhttps:\/\/redveganasantiespecistas.com\/index.php\/descargas\/\u00bb use_icon=\u00bbon\u00bb font_icon=\u00bb&#xe05f;||divi||400&#8243; icon_color=\u00bb#fb262e\u00bb image_icon_width=\u00bb60px\u00bb _builder_version=\u00bb4.22.2&#8243; header_font=\u00bbOswald|||on|||||\u00bb header_text_align=\u00bbcenter\u00bb header_letter_spacing=\u00bb3px\u00bb header_line_height=\u00bb1.7em\u00bb body_font=\u00bbLora||||||||\u00bb body_font_size=\u00bb18px\u00bb body_line_height=\u00bb2em\u00bb text_orientation=\u00bbcenter\u00bb background_layout=\u00bbdark\u00bb animation_style=\u00bbfade\u00bb animation=\u00bboff\u00bb link_option_url=\u00bbhttps:\/\/redveganasantiespecistas.com\/index.php\/descargas\/\u00bb image_max_width=\u00bb64px\u00bb global_colors_info=\u00bb{}\u00bb]<\/p>\n<p>Click en el icono para descargar<\/p>\n<p>[\/et_pb_blurb][et_pb_divider color=\u00bb#FFFFFF\u00bb divider_weight=\u00bb2px\u00bb _builder_version=\u00bb4.22.2&#8243; _module_preset=\u00bbdefault\u00bb global_colors_info=\u00bb{}\u00bb][\/et_pb_divider][\/et_pb_column][\/et_pb_row][\/et_pb_section][et_pb_section fb_built=\u00bb1&#8243; admin_label=\u00bbFooter Section\u00bb _builder_version=\u00bb4.20.2&#8243; background_color=\u00bb#000000&#8243; background_enable_image=\u00bboff\u00bb custom_padding=\u00bb18px|0px|18px|0px|true|false\u00bb saved_tabs=\u00bball\u00bb locked=\u00bboff\u00bb global_colors_info=\u00bb{}\u00bb][et_pb_row column_structure=\u00bb1_4,1_2,1_4&#8243; admin_label=\u00bbSubscribe\u00bb _builder_version=\u00bb4.16&#8243; custom_margin=\u00bb|||\u00bb custom_padding=\u00bb|||\u00bb animation_style=\u00bbzoom\u00bb animation_intensity_zoom=\u00bb5%\u00bb global_colors_info=\u00bb{}\u00bb theme_builder_area=\u00bbpost_content\u00bb][et_pb_column type=\u00bb1_4&#8243; _builder_version=\u00bb4.16&#8243; custom_padding=\u00bb|||\u00bb global_colors_info=\u00bb{}\u00bb custom_padding__hover=\u00bb|||\u00bb theme_builder_area=\u00bbpost_content\u00bb][\/et_pb_column][et_pb_column type=\u00bb1_2&#8243; _builder_version=\u00bb4.16&#8243; custom_padding=\u00bb|||\u00bb global_colors_info=\u00bb{}\u00bb custom_padding__hover=\u00bb|||\u00bb theme_builder_area=\u00bbpost_content\u00bb][et_pb_text _builder_version=\u00bb4.16&#8243; text_font=\u00bbLora||||||||\u00bb text_font_size=\u00bb18px\u00bb text_line_height=\u00bb2em\u00bb header_font=\u00bb||||||||\u00bb header_2_font=\u00bbLora|700|||||||\u00bb header_2_font_size=\u00bb50px\u00bb header_2_line_height=\u00bb1.5em\u00bb header_5_font=\u00bbOswald|||on|||||\u00bb header_5_text_color=\u00bbrgba(255,255,255,0.4)\u00bb header_5_font_size=\u00bb20px\u00bb header_5_letter_spacing=\u00bb3px\u00bb header_5_line_height=\u00bb1.7em\u00bb text_orientation=\u00bbcenter\u00bb background_layout=\u00bbdark\u00bb max_width=\u00bb750px\u00bb module_alignment=\u00bbcenter\u00bb custom_padding=\u00bb|||\u00bb text_line_height_last_edited=\u00bboff|desktop\u00bb header_2_font_size_tablet=\u00bb\u00bb header_2_font_size_phone=\u00bb36px\u00bb header_2_font_size_last_edited=\u00bbon|desktop\u00bb global_colors_info=\u00bb{}\u00bb theme_builder_area=\u00bbpost_content\u00bb]<\/p>\n<h5><\/h5>\n<h2>S\u00edguenos<\/h2>\n<p>[\/et_pb_text][et_pb_social_media_follow _builder_version=\u00bb4.27.2&#8243; background_color=\u00bb#000000&#8243; text_orientation=\u00bbcenter\u00bb custom_margin=\u00bb19px||0px||false|false\u00bb global_colors_info=\u00bb{}\u00bb theme_builder_area=\u00bbpost_content\u00bb][et_pb_social_media_follow_network social_network=\u00bbfacebook\u00bb url=\u00bbhttps:\/\/web.facebook.com\/RedVeganasAntiespecistas\/?ref=page_internal\u00bb _builder_version=\u00bb4.20.2&#8243; background_color=\u00bbrgba(255,255,255,0.1)\u00bb custom_margin=\u00bb|10px||10px\u00bb custom_padding=\u00bb20px|20px|20px|20px\u00bb border_radii=\u00bbon|50px|50px|50px|50px\u00bb global_colors_info=\u00bb{}\u00bb follow_button=\u00bboff\u00bb url_new_window=\u00bbon\u00bb theme_builder_area=\u00bbpost_content\u00bb]facebook[\/et_pb_social_media_follow_network][et_pb_social_media_follow_network social_network=\u00bbtwitter\u00bb url=\u00bbhttps:\/\/x.com\/RedVeganasenX\u00bb _builder_version=\u00bb4.27.2&#8243; background_color=\u00bbrgba(255,255,255,0.1)\u00bb custom_margin=\u00bb|10px||10px\u00bb custom_padding=\u00bb20px|20px|20px|20px\u00bb border_radii=\u00bbon|50px|50px|50px|50px\u00bb global_colors_info=\u00bb{}\u00bb follow_button=\u00bboff\u00bb url_new_window=\u00bbon\u00bb theme_builder_area=\u00bbpost_content\u00bb]twitter[\/et_pb_social_media_follow_network][et_pb_social_media_follow_network social_network=\u00bbinstagram\u00bb url=\u00bbhttps:\/\/www.instagram.com\/redveganasantiespecistas\/?hl=es-la\u00bb _builder_version=\u00bb4.20.2&#8243; background_color=\u00bbrgba(255,255,255,0.1)\u00bb custom_margin=\u00bb|10px||10px\u00bb custom_padding=\u00bb20px|20px|20px|20px\u00bb border_radii=\u00bbon|50px|50px|50px|50px\u00bb global_colors_info=\u00bb{}\u00bb follow_button=\u00bboff\u00bb url_new_window=\u00bbon\u00bb theme_builder_area=\u00bbpost_content\u00bb]instagram[\/et_pb_social_media_follow_network][et_pb_social_media_follow_network social_network=\u00bbyoutube\u00bb url=\u00bbhttps:\/\/www.youtube.com\/@RedVeganasAntiespecistas\/videos\u00bb _builder_version=\u00bb4.27.2&#8243; background_color=\u00bbrgba(255,255,255,0.1)\u00bb background_enable_color=\u00bbon\u00bb custom_margin=\u00bb|10px||10px\u00bb custom_padding=\u00bb20px|20px|20px|20px\u00bb border_radii=\u00bbon|50px|50px|50px|50px\u00bb global_colors_info=\u00bb{}\u00bb follow_button=\u00bboff\u00bb url_new_window=\u00bbon\u00bb theme_builder_area=\u00bbpost_content\u00bb]youtube[\/et_pb_social_media_follow_network][\/et_pb_social_media_follow][\/et_pb_column][et_pb_column type=\u00bb1_4&#8243; _builder_version=\u00bb4.16&#8243; custom_padding=\u00bb|||\u00bb global_colors_info=\u00bb{}\u00bb custom_padding__hover=\u00bb|||\u00bb theme_builder_area=\u00bbpost_content\u00bb][\/et_pb_column][\/et_pb_row][\/et_pb_section]<\/p>\n","protected":false},"excerpt":{"rendered":"<p>Medios\u00a0Acompa\u00f1amos tu d\u00eda con m\u00fasica y noticiasRevisa aqu\u00ed textos antiespecistasAqu\u00ed encuentras material audiovisualArte, dise\u00f1o, ilustraci\u00f3n, fotograf\u00eda.Descarga Material para activismoClick en el icono para descargar S\u00edguenos<\/p>\n","protected":false},"author":1,"featured_media":0,"parent":0,"menu_order":0,"comment_status":"closed","ping_status":"closed","template":"","meta":{"_et_pb_use_builder":"on","_et_pb_old_content":"","_et_gb_content_width":"","footnotes":""},"class_list":["post-341","page","type-page","status-publish","hentry"],"yoast_head":"<!-- This site is optimized with the Yoast SEO plugin v27.3 - https:\/\/yoast.com\/product\/yoast-seo-wordpress\/ -->\n<title>Medios - redveganasantiespecistas.com<\/title>\n<meta name=\"robots\" content=\"index, follow, max-snippet:-1, max-image-preview:large, max-video-preview:-1\" \/>\n<link rel=\"canonical\" href=\"https:\/\/redveganasantiespecistas.com\/index.php\/medios\/\" \/>\n<meta property=\"og:locale\" content=\"es_ES\" \/>\n<meta property=\"og:type\" content=\"article\" \/>\n<meta property=\"og:title\" content=\"Medios - redveganasantiespecistas.com\" \/>\n<meta property=\"og:description\" content=\"Medios\u00a0Acompa\u00f1amos tu d\u00eda con m\u00fasica y noticiasRevisa aqu\u00ed textos antiespecistasAqu\u00ed encuentras material audiovisualArte, dise\u00f1o, ilustraci\u00f3n, fotograf\u00eda.Descarga Material para activismoClick en el icono para descargar S\u00edguenos\" \/>\n<meta property=\"og:url\" content=\"https:\/\/redveganasantiespecistas.com\/index.php\/medios\/\" \/>\n<meta property=\"og:site_name\" content=\"redveganasantiespecistas.com\" \/>\n<meta property=\"article:modified_time\" content=\"2025-05-09T15:32:58+00:00\" \/>\n<meta name=\"twitter:card\" content=\"summary_large_image\" \/>\n<meta name=\"twitter:label1\" content=\"Tiempo de lectura\" \/>\n\t<meta name=\"twitter:data1\" content=\"8 minutos\" \/>\n<script type=\"application\/ld+json\" class=\"yoast-schema-graph\">{\"@context\":\"https:\\\/\\\/schema.org\",\"@graph\":[{\"@type\":\"WebPage\",\"@id\":\"https:\\\/\\\/redveganasantiespecistas.com\\\/index.php\\\/medios\\\/\",\"url\":\"https:\\\/\\\/redveganasantiespecistas.com\\\/index.php\\\/medios\\\/\",\"name\":\"Medios - redveganasantiespecistas.com\",\"isPartOf\":{\"@id\":\"https:\\\/\\\/redveganasantiespecistas.com\\\/#website\"},\"datePublished\":\"2023-03-17T01:42:53+00:00\",\"dateModified\":\"2025-05-09T15:32:58+00:00\",\"breadcrumb\":{\"@id\":\"https:\\\/\\\/redveganasantiespecistas.com\\\/index.php\\\/medios\\\/#breadcrumb\"},\"inLanguage\":\"es\",\"potentialAction\":[{\"@type\":\"ReadAction\",\"target\":[\"https:\\\/\\\/redveganasantiespecistas.com\\\/index.php\\\/medios\\\/\"]}]},{\"@type\":\"BreadcrumbList\",\"@id\":\"https:\\\/\\\/redveganasantiespecistas.com\\\/index.php\\\/medios\\\/#breadcrumb\",\"itemListElement\":[{\"@type\":\"ListItem\",\"position\":1,\"name\":\"Inicio\",\"item\":\"https:\\\/\\\/redveganasantiespecistas.com\\\/\"},{\"@type\":\"ListItem\",\"position\":2,\"name\":\"Medios\"}]},{\"@type\":\"WebSite\",\"@id\":\"https:\\\/\\\/redveganasantiespecistas.com\\\/#website\",\"url\":\"https:\\\/\\\/redveganasantiespecistas.com\\\/\",\"name\":\"redveganasantiespecistas.com\",\"description\":\"Trabajamos juntas para acabar con el especismo\",\"potentialAction\":[{\"@type\":\"SearchAction\",\"target\":{\"@type\":\"EntryPoint\",\"urlTemplate\":\"https:\\\/\\\/redveganasantiespecistas.com\\\/?s={search_term_string}\"},\"query-input\":{\"@type\":\"PropertyValueSpecification\",\"valueRequired\":true,\"valueName\":\"search_term_string\"}}],\"inLanguage\":\"es\"}]}<\/script>\n<!-- \/ Yoast SEO plugin. -->","yoast_head_json":{"title":"Medios - redveganasantiespecistas.com","robots":{"index":"index","follow":"follow","max-snippet":"max-snippet:-1","max-image-preview":"max-image-preview:large","max-video-preview":"max-video-preview:-1"},"canonical":"https:\/\/redveganasantiespecistas.com\/index.php\/medios\/","og_locale":"es_ES","og_type":"article","og_title":"Medios - redveganasantiespecistas.com","og_description":"Medios\u00a0Acompa\u00f1amos tu d\u00eda con m\u00fasica y noticiasRevisa aqu\u00ed textos antiespecistasAqu\u00ed encuentras material audiovisualArte, dise\u00f1o, ilustraci\u00f3n, fotograf\u00eda.Descarga Material para activismoClick en el icono para descargar S\u00edguenos","og_url":"https:\/\/redveganasantiespecistas.com\/index.php\/medios\/","og_site_name":"redveganasantiespecistas.com","article_modified_time":"2025-05-09T15:32:58+00:00","twitter_card":"summary_large_image","twitter_misc":{"Tiempo de lectura":"8 minutos"},"schema":{"@context":"https:\/\/schema.org","@graph":[{"@type":"WebPage","@id":"https:\/\/redveganasantiespecistas.com\/index.php\/medios\/","url":"https:\/\/redveganasantiespecistas.com\/index.php\/medios\/","name":"Medios - redveganasantiespecistas.com","isPartOf":{"@id":"https:\/\/redveganasantiespecistas.com\/#website"},"datePublished":"2023-03-17T01:42:53+00:00","dateModified":"2025-05-09T15:32:58+00:00","breadcrumb":{"@id":"https:\/\/redveganasantiespecistas.com\/index.php\/medios\/#breadcrumb"},"inLanguage":"es","potentialAction":[{"@type":"ReadAction","target":["https:\/\/redveganasantiespecistas.com\/index.php\/medios\/"]}]},{"@type":"BreadcrumbList","@id":"https:\/\/redveganasantiespecistas.com\/index.php\/medios\/#breadcrumb","itemListElement":[{"@type":"ListItem","position":1,"name":"Inicio","item":"https:\/\/redveganasantiespecistas.com\/"},{"@type":"ListItem","position":2,"name":"Medios"}]},{"@type":"WebSite","@id":"https:\/\/redveganasantiespecistas.com\/#website","url":"https:\/\/redveganasantiespecistas.com\/","name":"redveganasantiespecistas.com","description":"Trabajamos juntas para acabar con el especismo","potentialAction":[{"@type":"SearchAction","target":{"@type":"EntryPoint","urlTemplate":"https:\/\/redveganasantiespecistas.com\/?s={search_term_string}"},"query-input":{"@type":"PropertyValueSpecification","valueRequired":true,"valueName":"search_term_string"}}],"inLanguage":"es"}]}},"_links":{"self":[{"href":"https:\/\/redveganasantiespecistas.com\/index.php\/wp-json\/wp\/v2\/pages\/341","targetHints":{"allow":["GET"]}}],"collection":[{"href":"https:\/\/redveganasantiespecistas.com\/index.php\/wp-json\/wp\/v2\/pages"}],"about":[{"href":"https:\/\/redveganasantiespecistas.com\/index.php\/wp-json\/wp\/v2\/types\/page"}],"author":[{"embeddable":true,"href":"https:\/\/redveganasantiespecistas.com\/index.php\/wp-json\/wp\/v2\/users\/1"}],"replies":[{"embeddable":true,"href":"https:\/\/redveganasantiespecistas.com\/index.php\/wp-json\/wp\/v2\/comments?post=341"}],"version-history":[{"count":18,"href":"https:\/\/redveganasantiespecistas.com\/index.php\/wp-json\/wp\/v2\/pages\/341\/revisions"}],"predecessor-version":[{"id":2095,"href":"https:\/\/redveganasantiespecistas.com\/index.php\/wp-json\/wp\/v2\/pages\/341\/revisions\/2095"}],"wp:attachment":[{"href":"https:\/\/redveganasantiespecistas.com\/index.php\/wp-json\/wp\/v2\/media?parent=341"}],"curies":[{"name":"wp","href":"https:\/\/api.w.org\/{rel}","templated":true}]}}